{"id":13,"date":"2022-10-25T16:32:26","date_gmt":"2022-10-25T16:32:26","guid":{"rendered":"https:\/\/casaparacho.com\/?page_id=13"},"modified":"2022-11-02T02:42:30","modified_gmt":"2022-11-02T02:42:30","slug":"inicio","status":"publish","type":"page","link":"https:\/\/casaparacho.com\/","title":{"rendered":"Inicio"},"content":{"rendered":"\n<div class=\"slider-wrapper relative\" id=\"slider-474707144\" >\n    <div class=\"slider slider-nav-circle slider-nav-large slider-nav-light slider-style-normal\"\n        data-flickity-options='{\n            \"cellAlign\": \"center\",\n            \"imagesLoaded\": true,\n            \"lazyLoad\": 1,\n            \"freeScroll\": false,\n            \"wrapAround\": false,\n            \"autoPlay\": 6000,\n            \"pauseAutoPlayOnHover\" : true,\n            \"prevNextButtons\": true,\n            \"contain\" : true,\n            \"adaptiveHeight\" : true,\n            \"dragThreshold\" : 10,\n            \"percentPosition\": true,\n            \"pageDots\": true,\n            \"rightToLeft\": false,\n            \"draggable\": true,\n            \"selectedAttraction\": 0.1,\n            \"parallax\" : 0,\n            \"friction\": 0.6        }'\n        >\n        \n\n\n  <div class=\"banner has-hover\" id=\"banner-874305950\">\n          <div class=\"banner-inner fill\">\n        <div class=\"banner-bg fill\" >\n            <div class=\"bg fill bg-fill \"><\/div>\n                                    \n                    <\/div>\n\t\t\n        <div class=\"banner-layers container\">\n            <div class=\"fill banner-link\"><\/div>            \n\n   <div id=\"text-box-647858861\" class=\"text-box banner-layer x50 md-x50 lg-x50 y95 md-y95 lg-y95 res-text\">\n                                <div class=\"text-box-content text dark\">\n              \n              <div class=\"text-inner text-center\">\n                  \n\n<h2 class=\"uppercase\"><strong>Casa Paracho<\/strong><\/h2>\n<p><span style=\"font-size: 160%;\"><strong>Un espacio para difundir la cultura y tradici\u00f3n Michoacana.<\/strong><\/span><\/p>\n\n              <\/div>\n           <\/div>\n                            \n<style>\n#text-box-647858861 {\n  width: 93%;\n}\n#text-box-647858861 .text-box-content {\n  font-size: 100%;\n}\n@media (min-width:550px) {\n  #text-box-647858861 {\n    width: 67%;\n  }\n}\n<\/style>\n    <\/div>\n \n\n        <\/div>\n      <\/div>\n\n            \n<style>\n#banner-874305950 {\n  padding-top: 700px;\n}\n#banner-874305950 .bg.bg-loaded {\n  background-image: url(https:\/\/casaparacho.com\/wp-content\/uploads\/2022\/11\/405-2.jpg);\n}\n#banner-874305950 .bg {\n  background-position: 30% 0%;\n}\n#banner-874305950 .ux-shape-divider--top svg {\n  height: 150px;\n  --divider-top-width: 100%;\n}\n#banner-874305950 .ux-shape-divider--bottom svg {\n  height: 150px;\n  --divider-width: 100%;\n}\n<\/style>\n  <\/div>\n\n\n\n     <\/div>\n\n     <div class=\"loading-spin dark large centered\"><\/div>\n\n     \t<\/div>\n\n\n\t<section class=\"section dark\" id=\"section_325209837\">\n\t\t<div class=\"bg section-bg fill bg-fill  bg-loaded\" >\n\n\t\t\t\n\t\t\t\n\t\t\t\n\n\t\t<\/div>\n\n\t\t\n\n\t\t<div class=\"section-content relative\">\n\t\t\t\n\n<div class=\"row align-middle\"  id=\"row-2059144598\">\n\n\n\t<div id=\"col-346043520\" class=\"col medium-5 small-12 large-5\"  >\n\t\t\t\t<div class=\"col-inner\"  >\n\t\t\t\n\t\t\t\n\n\t<div class=\"img has-hover x md-x lg-x y md-y lg-y\" id=\"image_393902739\">\n\t\t\t\t\t\t\t\t<div class=\"img-inner dark\" >\n\t\t\t<img loading=\"lazy\" decoding=\"async\" width=\"1020\" height=\"679\" src=\"https:\/\/casaparacho.com\/wp-content\/uploads\/2022\/11\/247-1024x682.jpg\" class=\"attachment-large size-large\" alt=\"\" srcset=\"https:\/\/casaparacho.com\/wp-content\/uploads\/2022\/11\/247-1024x682.jpg 1024w, https:\/\/casaparacho.com\/wp-content\/uploads\/2022\/11\/247-300x200.jpg 300w, https:\/\/casaparacho.com\/wp-content\/uploads\/2022\/11\/247-768x511.jpg 768w, https:\/\/casaparacho.com\/wp-content\/uploads\/2022\/11\/247-600x400.jpg 600w, https:\/\/casaparacho.com\/wp-content\/uploads\/2022\/11\/247.jpg 1200w\" sizes=\"auto, (max-width: 1020px) 100vw, 1020px\" \/>\t\t\t\t\t\t\n\t\t\t\t\t<\/div>\n\t\t\t\t\t\t\t\t\n<style>\n#image_393902739 {\n  width: 100%;\n}\n<\/style>\n\t<\/div>\n\t\n\n\n\t\t<\/div>\n\t\t\t\t\t<\/div>\n\n\t\n\n\t<div id=\"col-1470746567\" class=\"col medium-7 small-12 large-7\"  >\n\t\t\t\t<div class=\"col-inner\"  >\n\t\t\t\n\t\t\t\n\n<h1>Casa Paracho<\/h1>\n<p class=\"p1\">Ubicados desde el a\u00f1o 2018 en el Centro Hist\u00f3rico de Morelia, Michoac\u00e1n. Somos una empresa especializada en la construcci\u00f3n y venta de Guitarras e instrumentos artesanales de cuerda, en los cuales ofrecemos m\u00e1s de 20 modelos diferentes, adem\u00e1s llevamos a cabo proyectos especiales, creativos e innovadores, que vienen a solucionar las necesidades e inquietudes de nuestros clientes.<\/p>\n\n\t\t<\/div>\n\t\t\t\t\t<\/div>\n\n\t\n\n<\/div>\n\n\t\t<\/div>\n\n\t\t\n<style>\n#section_325209837 {\n  padding-top: 30px;\n  padding-bottom: 30px;\n  background-color: rgb(0,0,0);\n}\n#section_325209837 .ux-shape-divider--top svg {\n  height: 150px;\n  --divider-top-width: 100%;\n}\n#section_325209837 .ux-shape-divider--bottom svg {\n  height: 150px;\n  --divider-width: 100%;\n}\n<\/style>\n\t<\/section>\n\t\n<div class=\"row\"  id=\"row-1953354901\">\n\n\n\t<div id=\"col-1267488196\" class=\"col small-12 large-12\"  >\n\t\t\t\t<div class=\"col-inner\"  >\n\t\t\t\n\t\t\t\n\n<p class=\"p1\">Entrando a Casa Paracho, se encuentra la <b>GALERIA,<\/b> en la cual podr\u00e1n apreciar guitarras de gama alta y de estudio; as\u00ed como violines, Ukeleles, Vihuelas y Contrabajos, por mencionar s\u00f3lo algunos de los diferentes tipos de instrumentos artesanales que tenemos para ofrecerles.<\/p>\n\n\t\t<\/div>\n\t\t\t\t\t<\/div>\n\n\t\n\n\t<div id=\"col-1016719107\" class=\"col medium-4 small-12 large-4\"  >\n\t\t\t\t<div class=\"col-inner\"  >\n\t\t\t\n\t\t\t\n\n\t<div class=\"img has-hover x md-x lg-x y md-y lg-y\" id=\"image_1920573442\">\n\t\t\t\t\t\t\t\t<div class=\"img-inner dark\" >\n\t\t\t<img loading=\"lazy\" decoding=\"async\" width=\"1920\" height=\"2560\" src=\"https:\/\/casaparacho.com\/wp-content\/uploads\/2022\/11\/DSC09925-scaled.jpg\" class=\"attachment-original size-original\" alt=\"\" srcset=\"https:\/\/casaparacho.com\/wp-content\/uploads\/2022\/11\/DSC09925-scaled.jpg 1920w, https:\/\/casaparacho.com\/wp-content\/uploads\/2022\/11\/DSC09925-225x300.jpg 225w, https:\/\/casaparacho.com\/wp-content\/uploads\/2022\/11\/DSC09925-768x1024.jpg 768w, https:\/\/casaparacho.com\/wp-content\/uploads\/2022\/11\/DSC09925-1152x1536.jpg 1152w, https:\/\/casaparacho.com\/wp-content\/uploads\/2022\/11\/DSC09925-1536x2048.jpg 1536w, https:\/\/casaparacho.com\/wp-content\/uploads\/2022\/11\/DSC09925-300x400.jpg 300w, https:\/\/casaparacho.com\/wp-content\/uploads\/2022\/11\/DSC09925-600x800.jpg 600w\" sizes=\"auto, (max-width: 1920px) 100vw, 1920px\" \/>\t\t\t\t\t\t\n\t\t\t\t\t<\/div>\n\t\t\t\t\t\t\t\t\n<style>\n#image_1920573442 {\n  width: 100%;\n}\n<\/style>\n\t<\/div>\n\t\n\n\n\t\t<\/div>\n\t\t\t\t\t<\/div>\n\n\t\n\n\t<div id=\"col-2010353114\" class=\"col medium-4 small-12 large-4\"  >\n\t\t\t\t<div class=\"col-inner\"  >\n\t\t\t\n\t\t\t\n\n\t<div class=\"img has-hover x md-x lg-x y md-y lg-y\" id=\"image_1147954799\">\n\t\t\t\t\t\t\t\t<div class=\"img-inner dark\" >\n\t\t\t<img loading=\"lazy\" decoding=\"async\" width=\"1920\" height=\"2560\" src=\"https:\/\/casaparacho.com\/wp-content\/uploads\/2022\/11\/DSC09940-scaled.jpg\" class=\"attachment-original size-original\" alt=\"\" srcset=\"https:\/\/casaparacho.com\/wp-content\/uploads\/2022\/11\/DSC09940-scaled.jpg 1920w, https:\/\/casaparacho.com\/wp-content\/uploads\/2022\/11\/DSC09940-225x300.jpg 225w, https:\/\/casaparacho.com\/wp-content\/uploads\/2022\/11\/DSC09940-768x1024.jpg 768w, https:\/\/casaparacho.com\/wp-content\/uploads\/2022\/11\/DSC09940-1152x1536.jpg 1152w, https:\/\/casaparacho.com\/wp-content\/uploads\/2022\/11\/DSC09940-1536x2048.jpg 1536w, https:\/\/casaparacho.com\/wp-content\/uploads\/2022\/11\/DSC09940-300x400.jpg 300w, https:\/\/casaparacho.com\/wp-content\/uploads\/2022\/11\/DSC09940-600x800.jpg 600w\" sizes=\"auto, (max-width: 1920px) 100vw, 1920px\" \/>\t\t\t\t\t\t\n\t\t\t\t\t<\/div>\n\t\t\t\t\t\t\t\t\n<style>\n#image_1147954799 {\n  width: 100%;\n}\n<\/style>\n\t<\/div>\n\t\n\n\n\t\t<\/div>\n\t\t\t\t\t<\/div>\n\n\t\n\n\t<div id=\"col-716512290\" class=\"col medium-4 small-12 large-4\"  >\n\t\t\t\t<div class=\"col-inner\"  >\n\t\t\t\n\t\t\t\n\n<p class=\"p1\" style=\"text-align: justify;\">En el interior, est\u00e1 la zona de <b>EL JOLGORIO<\/b>, que es el espacio m\u00e1s grande de la casa, en donde caben 6 mesas de 4 personas cada una; este lugar es el portal de la fiesta, m\u00fasica y encuentro, ya que alberga un escenario en donde semana a semana<span class=\"Apple-converted-space\">\u00a0 <\/span>llevamos a cabo presentaciones, conciertos, conferencias, etc., al fondo se encuentra la Sala de Juntas la cual est\u00e1 equipada con una mesa de trabajo (que en realidad es una puerta del siglo XVII, originaria de la meseta pur\u00e9pecha) para 8 personas, espacio equipado con pizarr\u00f3n de vidrio, pantalla de 50\u00b4\u00b4, una barra de sonido BOSE e internet; en esta planta baja se ubican dos ba\u00f1os uno de uso general y el otro para discapacitados.<\/p>\n\n\t\t<\/div>\n\t\t\t\t\t<\/div>\n\n\t\n\n<\/div>\n\t<section class=\"section dark\" id=\"section_660228146\">\n\t\t<div class=\"bg section-bg fill bg-fill  bg-loaded\" >\n\n\t\t\t\n\t\t\t\n\t\t\t\n\n\t\t<\/div>\n\n\t\t\n\n\t\t<div class=\"section-content relative\">\n\t\t\t\n\n<div class=\"row align-middle\"  id=\"row-108012592\">\n\n\n\t<div id=\"col-606261366\" class=\"col small-12 large-12\"  >\n\t\t\t\t<div class=\"col-inner\"  >\n\t\t\t\n\t\t\t\n\n<p class=\"p1\">En la planta alta se encuentra el <b>Sal\u00f3n de M\u00fasica<\/b>, en el cual se dan las <b>clases de guitarra, ukelele y viol\u00edn<\/b>, \u00e1rea acondicionada con una mesa de trabajo para 4 personas, pantalla 48\u00b4\u00b4, internet, ba\u00f1o y terraza; saliendo de este pasando por el hall llegamos al <b>Sal\u00f3n de Canto y Baile<\/b>, que es un cuarto de 6&#215;3 mts. Con una pared de espejos libre de objetos para obtener una vista plena de quienes obtienen sus <b>clases de estas disciplinas<\/b>.<\/p>\n\n\t\t<\/div>\n\t\t\t\t\t<\/div>\n\n\t\n\n\t<div id=\"col-1185741397\" class=\"col small-12 large-12\"  >\n\t\t\t\t<div class=\"col-inner\"  >\n\t\t\t\n\t\t\t\n\n\n  \n    <div id=\"gallery-370340020\" class=\"row large-columns-3 medium-columns- small-columns-2 row-masonry\" data-packery-options='{\"itemSelector\": \".col\", \"gutter\": 0, \"presentageWidth\" : true}'>\n\n  <div class=\"gallery-col col\" >\n          <div class=\"col-inner\">\n            <a class=\"image-lightbox lightbox-gallery\" href=\"https:\/\/casaparacho.com\/wp-content\/uploads\/2022\/11\/Captura-de-Pantalla-2022-11-01-a-las-20.38.51.png\" title=\"\">            <div class=\"box has-hover gallery-box box-overlay dark\">\n              <div class=\"box-image\" >\n                <img loading=\"lazy\" decoding=\"async\" width=\"300\" height=\"200\" src=\"https:\/\/casaparacho.com\/wp-content\/uploads\/2022\/11\/Captura-de-Pantalla-2022-11-01-a-las-20.38.51-300x200.png\" class=\"attachment-medium size-medium\" alt=\"\" ids=\"177,178,179,180,159,154\" lightbox_image_size=\"original\" type=\"masonry\" columns=\"3\" srcset=\"https:\/\/casaparacho.com\/wp-content\/uploads\/2022\/11\/Captura-de-Pantalla-2022-11-01-a-las-20.38.51-300x200.png 300w, https:\/\/casaparacho.com\/wp-content\/uploads\/2022\/11\/Captura-de-Pantalla-2022-11-01-a-las-20.38.51-1024x682.png 1024w, https:\/\/casaparacho.com\/wp-content\/uploads\/2022\/11\/Captura-de-Pantalla-2022-11-01-a-las-20.38.51-768x511.png 768w, https:\/\/casaparacho.com\/wp-content\/uploads\/2022\/11\/Captura-de-Pantalla-2022-11-01-a-las-20.38.51-1536x1023.png 1536w, https:\/\/casaparacho.com\/wp-content\/uploads\/2022\/11\/Captura-de-Pantalla-2022-11-01-a-las-20.38.51-2048x1364.png 2048w, https:\/\/casaparacho.com\/wp-content\/uploads\/2022\/11\/Captura-de-Pantalla-2022-11-01-a-las-20.38.51-600x399.png 600w\" sizes=\"auto, (max-width: 300px) 100vw, 300px\" \/>                                  <div class=\"overlay fill\"\n                      style=\"background-color: rgba(0,0,0,.15)\">\n                  <\/div>\n                                                              <\/div>\n              <div class=\"box-text text-left\" >\n                 <p><\/p>\n              <\/div>\n            <\/div>\n            <\/a>          <\/div>\n         <\/div><div class=\"gallery-col col\" >\n          <div class=\"col-inner\">\n            <a class=\"image-lightbox lightbox-gallery\" href=\"https:\/\/casaparacho.com\/wp-content\/uploads\/2022\/11\/Captura-de-Pantalla-2022-11-01-a-las-20.38.17.png\" title=\"\">            <div class=\"box has-hover gallery-box box-overlay dark\">\n              <div class=\"box-image\" >\n                <img loading=\"lazy\" decoding=\"async\" width=\"300\" height=\"199\" src=\"https:\/\/casaparacho.com\/wp-content\/uploads\/2022\/11\/Captura-de-Pantalla-2022-11-01-a-las-20.38.17-300x199.png\" class=\"attachment-medium size-medium\" alt=\"\" ids=\"177,178,179,180,159,154\" lightbox_image_size=\"original\" type=\"masonry\" columns=\"3\" srcset=\"https:\/\/casaparacho.com\/wp-content\/uploads\/2022\/11\/Captura-de-Pantalla-2022-11-01-a-las-20.38.17-300x199.png 300w, https:\/\/casaparacho.com\/wp-content\/uploads\/2022\/11\/Captura-de-Pantalla-2022-11-01-a-las-20.38.17-1024x679.png 1024w, https:\/\/casaparacho.com\/wp-content\/uploads\/2022\/11\/Captura-de-Pantalla-2022-11-01-a-las-20.38.17-768x509.png 768w, https:\/\/casaparacho.com\/wp-content\/uploads\/2022\/11\/Captura-de-Pantalla-2022-11-01-a-las-20.38.17-1536x1018.png 1536w, https:\/\/casaparacho.com\/wp-content\/uploads\/2022\/11\/Captura-de-Pantalla-2022-11-01-a-las-20.38.17-2048x1357.png 2048w, https:\/\/casaparacho.com\/wp-content\/uploads\/2022\/11\/Captura-de-Pantalla-2022-11-01-a-las-20.38.17-600x398.png 600w\" sizes=\"auto, (max-width: 300px) 100vw, 300px\" \/>                                  <div class=\"overlay fill\"\n                      style=\"background-color: rgba(0,0,0,.15)\">\n                  <\/div>\n                                                              <\/div>\n              <div class=\"box-text text-left\" >\n                 <p><\/p>\n              <\/div>\n            <\/div>\n            <\/a>          <\/div>\n         <\/div><div class=\"gallery-col col\" >\n          <div class=\"col-inner\">\n            <a class=\"image-lightbox lightbox-gallery\" href=\"https:\/\/casaparacho.com\/wp-content\/uploads\/2022\/11\/Captura-de-Pantalla-2022-11-01-a-las-20.38.03.png\" title=\"\">            <div class=\"box has-hover gallery-box box-overlay dark\">\n              <div class=\"box-image\" >\n                <img loading=\"lazy\" decoding=\"async\" width=\"300\" height=\"198\" src=\"https:\/\/casaparacho.com\/wp-content\/uploads\/2022\/11\/Captura-de-Pantalla-2022-11-01-a-las-20.38.03-300x198.png\" class=\"attachment-medium size-medium\" alt=\"\" ids=\"177,178,179,180,159,154\" lightbox_image_size=\"original\" type=\"masonry\" columns=\"3\" srcset=\"https:\/\/casaparacho.com\/wp-content\/uploads\/2022\/11\/Captura-de-Pantalla-2022-11-01-a-las-20.38.03-300x198.png 300w, https:\/\/casaparacho.com\/wp-content\/uploads\/2022\/11\/Captura-de-Pantalla-2022-11-01-a-las-20.38.03-1024x677.png 1024w, https:\/\/casaparacho.com\/wp-content\/uploads\/2022\/11\/Captura-de-Pantalla-2022-11-01-a-las-20.38.03-768x507.png 768w, https:\/\/casaparacho.com\/wp-content\/uploads\/2022\/11\/Captura-de-Pantalla-2022-11-01-a-las-20.38.03-1536x1015.png 1536w, https:\/\/casaparacho.com\/wp-content\/uploads\/2022\/11\/Captura-de-Pantalla-2022-11-01-a-las-20.38.03-2048x1353.png 2048w, https:\/\/casaparacho.com\/wp-content\/uploads\/2022\/11\/Captura-de-Pantalla-2022-11-01-a-las-20.38.03-600x396.png 600w\" sizes=\"auto, (max-width: 300px) 100vw, 300px\" \/>                                  <div class=\"overlay fill\"\n                      style=\"background-color: rgba(0,0,0,.15)\">\n                  <\/div>\n                                                              <\/div>\n              <div class=\"box-text text-left\" >\n                 <p><\/p>\n              <\/div>\n            <\/div>\n            <\/a>          <\/div>\n         <\/div><div class=\"gallery-col col\" >\n          <div class=\"col-inner\">\n            <a class=\"image-lightbox lightbox-gallery\" href=\"https:\/\/casaparacho.com\/wp-content\/uploads\/2022\/11\/Captura-de-Pantalla-2022-11-01-a-las-20.37.28.png\" title=\"\">            <div class=\"box has-hover gallery-box box-overlay dark\">\n              <div class=\"box-image\" >\n                <img loading=\"lazy\" decoding=\"async\" width=\"300\" height=\"200\" src=\"https:\/\/casaparacho.com\/wp-content\/uploads\/2022\/11\/Captura-de-Pantalla-2022-11-01-a-las-20.37.28-300x200.png\" class=\"attachment-medium size-medium\" alt=\"\" ids=\"177,178,179,180,159,154\" lightbox_image_size=\"original\" type=\"masonry\" columns=\"3\" srcset=\"https:\/\/casaparacho.com\/wp-content\/uploads\/2022\/11\/Captura-de-Pantalla-2022-11-01-a-las-20.37.28-300x200.png 300w, https:\/\/casaparacho.com\/wp-content\/uploads\/2022\/11\/Captura-de-Pantalla-2022-11-01-a-las-20.37.28-1024x682.png 1024w, https:\/\/casaparacho.com\/wp-content\/uploads\/2022\/11\/Captura-de-Pantalla-2022-11-01-a-las-20.37.28-768x512.png 768w, https:\/\/casaparacho.com\/wp-content\/uploads\/2022\/11\/Captura-de-Pantalla-2022-11-01-a-las-20.37.28-1536x1023.png 1536w, https:\/\/casaparacho.com\/wp-content\/uploads\/2022\/11\/Captura-de-Pantalla-2022-11-01-a-las-20.37.28-2048x1364.png 2048w, https:\/\/casaparacho.com\/wp-content\/uploads\/2022\/11\/Captura-de-Pantalla-2022-11-01-a-las-20.37.28-600x400.png 600w\" sizes=\"auto, (max-width: 300px) 100vw, 300px\" \/>                                  <div class=\"overlay fill\"\n                      style=\"background-color: rgba(0,0,0,.15)\">\n                  <\/div>\n                                                              <\/div>\n              <div class=\"box-text text-left\" >\n                 <p><\/p>\n              <\/div>\n            <\/div>\n            <\/a>          <\/div>\n         <\/div><div class=\"gallery-col col\" >\n          <div class=\"col-inner\">\n            <a class=\"image-lightbox lightbox-gallery\" href=\"https:\/\/casaparacho.com\/wp-content\/uploads\/2022\/11\/283797192_7378041005570499_4795889488958541305_n.jpg\" title=\"\">            <div class=\"box has-hover gallery-box box-overlay dark\">\n              <div class=\"box-image\" >\n                <img loading=\"lazy\" decoding=\"async\" width=\"300\" height=\"200\" src=\"https:\/\/casaparacho.com\/wp-content\/uploads\/2022\/11\/283797192_7378041005570499_4795889488958541305_n-300x200.jpg\" class=\"attachment-medium size-medium\" alt=\"\" ids=\"177,178,179,180,159,154\" lightbox_image_size=\"original\" type=\"masonry\" columns=\"3\" srcset=\"https:\/\/casaparacho.com\/wp-content\/uploads\/2022\/11\/283797192_7378041005570499_4795889488958541305_n-300x200.jpg 300w, https:\/\/casaparacho.com\/wp-content\/uploads\/2022\/11\/283797192_7378041005570499_4795889488958541305_n-1024x683.jpg 1024w, https:\/\/casaparacho.com\/wp-content\/uploads\/2022\/11\/283797192_7378041005570499_4795889488958541305_n-768x512.jpg 768w, https:\/\/casaparacho.com\/wp-content\/uploads\/2022\/11\/283797192_7378041005570499_4795889488958541305_n-1536x1024.jpg 1536w, https:\/\/casaparacho.com\/wp-content\/uploads\/2022\/11\/283797192_7378041005570499_4795889488958541305_n-600x400.jpg 600w, https:\/\/casaparacho.com\/wp-content\/uploads\/2022\/11\/283797192_7378041005570499_4795889488958541305_n.jpg 2048w\" sizes=\"auto, (max-width: 300px) 100vw, 300px\" \/>                                  <div class=\"overlay fill\"\n                      style=\"background-color: rgba(0,0,0,.15)\">\n                  <\/div>\n                                                              <\/div>\n              <div class=\"box-text text-left\" >\n                 <p><\/p>\n              <\/div>\n            <\/div>\n            <\/a>          <\/div>\n         <\/div><div class=\"gallery-col col\" >\n          <div class=\"col-inner\">\n            <a class=\"image-lightbox lightbox-gallery\" href=\"https:\/\/casaparacho.com\/wp-content\/uploads\/2022\/11\/289407694_7526172657423999_5488774910053783665_n.jpg\" title=\"\">            <div class=\"box has-hover gallery-box box-overlay dark\">\n              <div class=\"box-image\" >\n                <img loading=\"lazy\" decoding=\"async\" width=\"300\" height=\"200\" src=\"https:\/\/casaparacho.com\/wp-content\/uploads\/2022\/11\/289407694_7526172657423999_5488774910053783665_n-300x200.jpg\" class=\"attachment-medium size-medium\" alt=\"\" ids=\"177,178,179,180,159,154\" lightbox_image_size=\"original\" type=\"masonry\" columns=\"3\" srcset=\"https:\/\/casaparacho.com\/wp-content\/uploads\/2022\/11\/289407694_7526172657423999_5488774910053783665_n-300x200.jpg 300w, https:\/\/casaparacho.com\/wp-content\/uploads\/2022\/11\/289407694_7526172657423999_5488774910053783665_n-1024x683.jpg 1024w, https:\/\/casaparacho.com\/wp-content\/uploads\/2022\/11\/289407694_7526172657423999_5488774910053783665_n-768x512.jpg 768w, https:\/\/casaparacho.com\/wp-content\/uploads\/2022\/11\/289407694_7526172657423999_5488774910053783665_n-1536x1024.jpg 1536w, https:\/\/casaparacho.com\/wp-content\/uploads\/2022\/11\/289407694_7526172657423999_5488774910053783665_n-600x400.jpg 600w, https:\/\/casaparacho.com\/wp-content\/uploads\/2022\/11\/289407694_7526172657423999_5488774910053783665_n.jpg 2048w\" sizes=\"auto, (max-width: 300px) 100vw, 300px\" \/>                                  <div class=\"overlay fill\"\n                      style=\"background-color: rgba(0,0,0,.15)\">\n                  <\/div>\n                                                              <\/div>\n              <div class=\"box-text text-left\" >\n                 <p><\/p>\n              <\/div>\n            <\/div>\n            <\/a>          <\/div>\n         <\/div><\/div>\n\n\n\t\t<\/div>\n\t\t\t\t\t<\/div>\n\n\t\n\n<\/div>\n\n\t\t<\/div>\n\n\t\t\n<style>\n#section_660228146 {\n  padding-top: 30px;\n  padding-bottom: 30px;\n  background-color: rgb(0,0,0);\n}\n#section_660228146 .ux-shape-divider--top svg {\n  height: 150px;\n  --divider-top-width: 100%;\n}\n#section_660228146 .ux-shape-divider--bottom svg {\n  height: 150px;\n  --divider-width: 100%;\n}\n<\/style>\n\t<\/section>\n\t\n\n","protected":false},"excerpt":{"rendered":"","protected":false},"author":1,"featured_media":0,"parent":0,"menu_order":0,"comment_status":"closed","ping_status":"closed","template":"page-transparent-header-light.php","meta":{"footnotes":""},"class_list":["post-13","page","type-page","status-publish","hentry"],"_links":{"self":[{"href":"https:\/\/casaparacho.com\/index.php?rest_route=\/wp\/v2\/pages\/13","targetHints":{"allow":["GET"]}}],"collection":[{"href":"https:\/\/casaparacho.com\/index.php?rest_route=\/wp\/v2\/pages"}],"about":[{"href":"https:\/\/casaparacho.com\/index.php?rest_route=\/wp\/v2\/types\/page"}],"author":[{"embeddable":true,"href":"https:\/\/casaparacho.com\/index.php?rest_route=\/wp\/v2\/users\/1"}],"replies":[{"embeddable":true,"href":"https:\/\/casaparacho.com\/index.php?rest_route=%2Fwp%2Fv2%2Fcomments&post=13"}],"version-history":[{"count":8,"href":"https:\/\/casaparacho.com\/index.php?rest_route=\/wp\/v2\/pages\/13\/revisions"}],"predecessor-version":[{"id":181,"href":"https:\/\/casaparacho.com\/index.php?rest_route=\/wp\/v2\/pages\/13\/revisions\/181"}],"wp:attachment":[{"href":"https:\/\/casaparacho.com\/index.php?rest_route=%2Fwp%2Fv2%2Fmedia&parent=13"}],"curies":[{"name":"wp","href":"https:\/\/api.w.org\/{rel}","templated":true}]}}